{"id":721,"date":"2019-08-23T06:54:47","date_gmt":"2019-08-23T06:54:47","guid":{"rendered":"https:\/\/casonadelosrioshotel.cl\/index.php\/home-2\/"},"modified":"2026-01-06T04:54:21","modified_gmt":"2026-01-06T04:54:21","slug":"home-2","status":"publish","type":"page","link":"https:\/\/casonadelosrioshotel.cl\/","title":{"rendered":"Homepage with slideshow"},"content":{"rendered":"<div class=\"wpb-content-wrapper\"><p>[vc_row content_placement=\u00bbmiddle\u00bb css=\u00bb.vc_custom_1580471293723{margin-right: 0px !important;margin-left: 0px !important;padding-top: 90px !important;padding-bottom: 90px !important;}\u00bb][vc_column parallax=\u00bbcontent-moving\u00bb parallax_image=\u00bb2389&#8243; width=\u00bb1\/2&#8243; css=\u00bb.vc_custom_1764619525666{margin-top: -60px !important;margin-right: 0px !important;padding-top: 200px !important;padding-right: 0px !important;padding-bottom: 200px !important;}\u00bb][\/vc_column][vc_column width=\u00bb1\/2&#8243; css=\u00bb.vc_custom_1580473381675{padding-top: 90px !important;padding-right: 12% !important;padding-bottom: 90px !important;padding-left: 12% !important;background-color: #ffffff !important;}\u00bb]<div id=\"ultimate-heading-827569dfd0630c33a\" class=\"uvc-heading ult-adjust-bottom-margin ultimate-heading-827569dfd0630c33a uvc-1144  uvc-heading-default-font-sizes\" data-hspacer=\"no_spacer\"  data-halign=\"left\" style=\"text-align:left\"><div class=\"uvc-heading-spacer no_spacer\" style=\"top\"><\/div><div class=\"uvc-main-heading ult-responsive\"  data-ultimate-target='.uvc-heading.ultimate-heading-827569dfd0630c33a p'  data-responsive-json-new='{\"font-size\":\"\",\"line-height\":\"\"}' ><p style=\"--font-weight:theme;margin-bottom:20px;\">BIENVENIDO A HOTEL CASONA DE LOS RIOS<\/p><\/div><div class=\"uvc-sub-heading ult-responsive\"  data-ultimate-target='.uvc-heading.ultimate-heading-827569dfd0630c33a .uvc-sub-heading '  data-responsive-json-new='{\"font-size\":\"\",\"line-height\":\"\"}'  style=\"font-weight:normal;margin-bottom:35px;\"><\/p>\n<h2 class=\"fancy-subtitle start-animation-done start-animation\">FUTRONO, PROVINCIA DEL RANCO<\/h2>\n<p><\/div><\/div>[vc_column_text css=\u00bb.vc_custom_1764608734170{margin-bottom: 30px !important;}\u00bb]Hotel Casona de Los R\u00edos es un proyecto familiar e independiente, inspirado en un sue\u00f1o y construido con materiales escogidos con dedicaci\u00f3n por su due\u00f1o.<\/p>\n<p>Somos un hotel construido con materiales del sur de Chile, ubicado en el coraz\u00f3n del pueblo de Futrono con vista al hermoso Lago Ranco.<\/p>\n<p>El proyecto nace como un deseo de su due\u00f1o con experiencia en el \u00e1rea de construcci\u00f3n, de ofrecer a turistas un lugar para descansar, donde te sientas c\u00f3modo y acogido.<\/p>\n<p>Hotel Casona de Los R\u00edos se encuentra en la regi\u00f3n de Los R\u00edos, cercano a innumerables y hermosos paisajes, parques nacionales, lagos y mucho m\u00e1s, donde podr\u00e1s empaparte de la vida sure\u00f1a.<\/p>\n<p>Contamos con diferentes habitaciones, inspiradas en lo m\u00e1s profundo de nuestros bosques sure\u00f1os.<\/p>\n<p>En nuestro hotel con ambiente c\u00e1lido y familiar, vivir\u00e1s una experiencia \u00fanica, donde estaremos atentos a los requerimientos que necesites![\/vc_column_text][\/vc_column][\/vc_row][vc_row full_width=\u00bbstretch_row\u00bb content_placement=\u00bbmiddle\u00bb bg_type=\u00bbimage\u00bb parallax_style=\u00bbvcpb-vz-jquery\u00bb bg_image_new=\u00bbid^2444|url^https:\/\/casonadelosrioshotel.cl\/wp-content\/uploads\/2025\/12\/20251113_151253.jpg|caption^null|alt^null|title^20251113_151253|description^null\u00bb bg_image_repeat=\u00bbno-repeat\u00bb parallax_sense=\u00bb60&#8243; bg_override=\u00bbfull\u00bb enable_overlay=\u00bbenable_overlay_value\u00bb overlay_color=\u00bbrgba(0,0,0,0.5)\u00bb css=\u00bb.vc_custom_1764619620187{margin-bottom: 80px !important;padding-top: 90px !important;padding-bottom: 50px !important;}\u00bb][vc_column width=\u00bb5\/6&#8243; offset=\u00bbvc_col-lg-offset-1 vc_col-lg-10 vc_col-md-offset-1 vc_col-md-10 vc_col-sm-offset-1&#8243;]<div id=\"ultimate-heading-629669dfd0630c381\" class=\"uvc-heading ult-adjust-bottom-margin ultimate-heading-629669dfd0630c381 uvc-4779  uvc-heading-default-font-sizes\" data-hspacer=\"no_spacer\"  data-halign=\"center\" style=\"text-align:center\"><div class=\"uvc-heading-spacer no_spacer\" style=\"top\"><\/div><div class=\"uvc-main-heading ult-responsive\"  data-ultimate-target='.uvc-heading.ultimate-heading-629669dfd0630c381 p'  data-responsive-json-new='{\"font-size\":\"\",\"line-height\":\"\"}' ><p style=\"--font-weight:theme;color:#ffffff;margin-bottom:20px;\">Recepci\u00f3n las 24 horas<\/p><\/div><div class=\"uvc-sub-heading ult-responsive\"  data-ultimate-target='.uvc-heading.ultimate-heading-629669dfd0630c381 .uvc-sub-heading '  data-responsive-json-new='{\"font-size\":\"\",\"line-height\":\"\"}'  style=\"font-weight:normal;color:#ffffff;margin-bottom:20px;\"><\/p>\n<h2><span style=\"color: #ffffff;\">Chek-in 15:00hrs \/\/ Chek-out 12:00hrs<\/span><\/h2>\n<p><\/div><\/div><span id=\"creative-link-wrap-3724\" class=\"ult_main_cl ult-adjust-bottom-margin  \" >\n\t \t\t\t<span class=\"ult_cl_link_3  ult_crlink\" >\n\t\t\t\t\t<a  data-ultimate-target='#creative-link-wrap-3724 .ult_colorlink'  data-responsive-json-new='{\"font-size\":\"\",\"line-height\":\"\"}'  href=\"https:\/\/the7.io\/hotel\/special-offers\/\" title=\"Dining\"  class=\"ult_colorlink ult-responsive  vc_custom_1580474414626\" style=\"font-weight:normal; \"  data-textcolor=\"#ffffff\" data-texthover=\"#ffffff\"data-style=\"Style_3\">\n\t\t\t\t\t\t\n\t\t\t\t\t\t<span data-hover=\"Check our spa menu\" style=\"color:#ffffff;;;\" class=\"ult_btn10_span   \">Check our spa menu<\/span>\n\t\t\t\t\t\t<span class=\"ult_link_btm3 \" style=\"border-color:#ffffff;border-bottom-width:2px;border-style:solid;\"><\/span>\n\t\t\t\t\t<\/a>\n\t\t\t\t<\/span>\n\t\t\t<\/span>[\/vc_column][\/vc_row][vc_row][vc_column][vc_single_image image=\u00bb2495&#8243; img_size=\u00bbmedium\u00bb alignment=\u00bbcenter\u00bb css_animation=\u00bbfadeInLeft\u00bb css=\u00bb\u00bb][\/vc_column][\/vc_row]<\/p>\n<\/div>","protected":false},"excerpt":{"rendered":"<p>[vc_row content_placement=\u00bbmiddle\u00bb css=\u00bb.vc_custom_1580471293723{margin-right: 0px !important;margin-left: 0px !important;padding-top: 90px !important;padding-bottom: 90px !important;}\u00bb][vc_column parallax=\u00bbcontent-moving\u00bb parallax_image=\u00bb2389&#8243; width=\u00bb1\/2&#8243; css=\u00bb.vc_custom_1764619525666{margin-top: -60px !important;margin-right: 0px !important;padding-top: 200px !important;padding-right: 0px !important;padding-bottom: 200px !important;}\u00bb][\/vc_column][vc_column width=\u00bb1\/2&#8243; css=\u00bb.vc_custom_1580473381675{padding-top: 90px !important;padding-right: 12% !important;padding-bottom: 90px !important;padding-left: 12% !important;background-color: #ffffff !important;}\u00bb][vc_column_text css=\u00bb.vc_custom_1764608734170{margin-bottom: 30px !important;}\u00bb]Hotel Casona de Los R\u00edos es un proyecto familiar e independiente, inspirado en un sue\u00f1o y&hellip;<\/p>\n","protected":false},"author":1,"featured_media":0,"parent":0,"menu_order":0,"comment_status":"closed","ping_status":"closed","template":"","meta":{"footnotes":""},"class_list":["post-721","page","type-page","status-publish","hentry","description-off"],"_links":{"self":[{"href":"https:\/\/casonadelosrioshotel.cl\/index.php\/wp-json\/wp\/v2\/pages\/721","targetHints":{"allow":["GET"]}}],"collection":[{"href":"https:\/\/casonadelosrioshotel.cl\/index.php\/wp-json\/wp\/v2\/pages"}],"about":[{"href":"https:\/\/casonadelosrioshotel.cl\/index.php\/wp-json\/wp\/v2\/types\/page"}],"author":[{"embeddable":true,"href":"https:\/\/casonadelosrioshotel.cl\/index.php\/wp-json\/wp\/v2\/users\/1"}],"replies":[{"embeddable":true,"href":"https:\/\/casonadelosrioshotel.cl\/index.php\/wp-json\/wp\/v2\/comments?post=721"}],"version-history":[{"count":9,"href":"https:\/\/casonadelosrioshotel.cl\/index.php\/wp-json\/wp\/v2\/pages\/721\/revisions"}],"predecessor-version":[{"id":2496,"href":"https:\/\/casonadelosrioshotel.cl\/index.php\/wp-json\/wp\/v2\/pages\/721\/revisions\/2496"}],"wp:attachment":[{"href":"https:\/\/casonadelosrioshotel.cl\/index.php\/wp-json\/wp\/v2\/media?parent=721"}],"curies":[{"name":"wp","href":"https:\/\/api.w.org\/{rel}","templated":true}]}}