{"id":889,"date":"2019-08-30T12:02:43","date_gmt":"2019-08-30T12:02:43","guid":{"rendered":"https:\/\/casonadelosrioshotel.cl\/index.php\/about\/"},"modified":"2025-12-03T14:31:42","modified_gmt":"2025-12-03T14:31:42","slug":"about","status":"publish","type":"page","link":"https:\/\/casonadelosrioshotel.cl\/index.php\/about\/","title":{"rendered":"Acerca de"},"content":{"rendered":"<div class=\"wpb-content-wrapper\"><p>[vc_row content_placement=\u00bbmiddle\u00bb css=\u00bb.vc_custom_1568896184714{margin-right: 0px !important;margin-left: 0px !important;padding-bottom: 80px !important;}\u00bb][vc_column parallax=\u00bbcontent-moving\u00bb parallax_image=\u00bb2399&#8243; width=\u00bb1\/2&#8243; css=\u00bb.vc_custom_1764619673927{margin-top: -60px !important;margin-right: 0px !important;padding-top: 200px !important;padding-right: 0px !important;padding-bottom: 200px !important;}\u00bb][\/vc_column][vc_column width=\u00bb1\/2&#8243; css=\u00bb.vc_custom_1565094314911{padding-top: 140px !important;padding-right: 80px !important;padding-bottom: 130px !important;padding-left: 80px !important;background-color: #ffffff !important;}\u00bb]<div id=\"ultimate-heading-49669dfe5fe77029\" class=\"uvc-heading ult-adjust-bottom-margin ultimate-heading-49669dfe5fe77029 uvc-5534  uvc-heading-default-font-sizes\" data-hspacer=\"no_spacer\"  data-halign=\"left\" style=\"text-align:left\"><div class=\"uvc-heading-spacer no_spacer\" style=\"top\"><\/div><div class=\"uvc-main-heading ult-responsive\"  data-ultimate-target='.uvc-heading.ultimate-heading-49669dfe5fe77029 h2'  data-responsive-json-new='{\"font-size\":\"\",\"line-height\":\"\"}' ><h2 style=\"--font-weight:theme;margin-bottom:35px;\">Nuestra Historia<\/h2><\/div><div class=\"uvc-sub-heading ult-responsive\"  data-ultimate-target='.uvc-heading.ultimate-heading-49669dfe5fe77029 .uvc-sub-heading '  data-responsive-json-new='{\"font-size\":\"\",\"line-height\":\"\"}'  style=\"font-weight:normal;\"><\/p>\n<p data-start=\"163\" data-end=\"499\">Hotel Casona de Los R\u00edos es un proyecto familiar nacido de un sue\u00f1o y construido con dedicaci\u00f3n en cada detalle. Nuestro hotel independiente refleja el esp\u00edritu del sur de Chile, utilizando materiales nobles cuidadosamente seleccionados por su propio due\u00f1o, lo que aporta calidez, identidad y un ambiente \u00fanico para quienes nos visitan.<\/p>\n<p data-start=\"501\" data-end=\"815\">Situados en pleno coraz\u00f3n de Futrono, ofrecemos una experiencia aut\u00e9ntica rodeada de la tranquilidad y belleza que caracterizan a esta zona. Desde nuestras instalaciones podr\u00e1s disfrutar una vista privilegiada al imponente Lago Ranco, permitiendo que cada amanecer y atardecer se transforme en un momento especial.<\/p>\n<p data-start=\"817\" data-end=\"1036\">En Hotel Casona de Los R\u00edos buscamos que cada hu\u00e9sped se sienta como en casa. Valoramos la cercan\u00eda, el descanso y la conexi\u00f3n con la naturaleza, y trabajamos para brindar un servicio c\u00e1lido, personalizado y de calidad.<\/p>\n<p data-start=\"1038\" data-end=\"1181\" data-is-last-node=\"\" data-is-only-node=\"\">Te invitamos a vivir una estad\u00eda donde la tradici\u00f3n, la comodidad y el encanto del sur se unen para crear recuerdos inolvidables. \u00a1Bienvenidos!<\/p>\n<p><\/div><\/div>[\/vc_column][\/vc_row][vc_row][vc_column]<div id=\"ultimate-heading-186869dfe5fe77068\" class=\"uvc-heading ult-adjust-bottom-margin ultimate-heading-186869dfe5fe77068 uvc-7394  uvc-heading-default-font-sizes\" data-hspacer=\"no_spacer\"  data-halign=\"center\" style=\"text-align:center\"><div class=\"uvc-heading-spacer no_spacer\" style=\"top\"><\/div><div class=\"uvc-main-heading ult-responsive\"  data-ultimate-target='.uvc-heading.ultimate-heading-186869dfe5fe77068 h2'  data-responsive-json-new='{\"font-size\":\"\",\"line-height\":\"\"}' ><h2 style=\"--font-weight:theme;margin-bottom:50px;\">Algunos de nuestros servicios<\/h2><\/div><\/div>[vc_row_inner][vc_column_inner width=\u00bb1\/4&#8243; css=\u00bb.vc_custom_1568730434816{margin-bottom: 30px !important;}\u00bb]<style type=\"text\/css\" data-type=\"the7_shortcodes-inline-css\">.dt-shortcode-icon.icon-fb48b3c3c5b55d6cd2af3c0df74f438d {\n  min-width: 64px;\n  min-height: 64px;\n  font-size: 62px;\n  border-radius: 100px;\n}\n.dt-shortcode-icon.icon-fb48b3c3c5b55d6cd2af3c0df74f438d:last-child {\n  margin-right: 0;\n}\n.dt-shortcode-icon.icon-fb48b3c3c5b55d6cd2af3c0df74f438d .icon-inner {\n  margin: 0px;\n  min-width: 64px;\n  min-height: 64px;\n  border-radius: 100px;\n}\n.dt-shortcode-icon.icon-fb48b3c3c5b55d6cd2af3c0df74f438d .dt-hover-icon {\n  line-height: 64px;\n}\n.dt-shortcode-icon.icon-fb48b3c3c5b55d6cd2af3c0df74f438d:before,\n.dt-shortcode-icon.icon-fb48b3c3c5b55d6cd2af3c0df74f438d:after,\n.dt-shortcode-icon.icon-fb48b3c3c5b55d6cd2af3c0df74f438d .icon-inner:before,\n.dt-shortcode-icon.icon-fb48b3c3c5b55d6cd2af3c0df74f438d .icon-inner:after {\n  min-width: 100%;\n  min-height: 100%;\n  padding: inherit;\n  border-radius: inherit;\n}\n.dt-shortcode-icon.icon-fb48b3c3c5b55d6cd2af3c0df74f438d.dt-icon-border-on:before {\n  border-width: 0px;\n  border-style: solid;\n}\n.dt-icon-border-dashed.dt-shortcode-icon.icon-fb48b3c3c5b55d6cd2af3c0df74f438d.dt-icon-border-on:before {\n  border-style: dashed;\n}\n.dt-icon-border-dotted.dt-shortcode-icon.icon-fb48b3c3c5b55d6cd2af3c0df74f438d.dt-icon-border-on:before {\n  border-style: dotted;\n}\n.dt-icon-border-double.dt-shortcode-icon.icon-fb48b3c3c5b55d6cd2af3c0df74f438d.dt-icon-border-on:before {\n  border-style: double;\n}\n.dt-shortcode-icon.icon-fb48b3c3c5b55d6cd2af3c0df74f438d.dt-icon-hover-border-on:after {\n  border-width: 0px;\n  border-style: solid;\n}\n.dt-icon-border-dashed.dt-shortcode-icon.icon-fb48b3c3c5b55d6cd2af3c0df74f438d.dt-icon-hover-border-on:after {\n  border-style: dashed;\n}\n.dt-icon-border-dotted.dt-shortcode-icon.icon-fb48b3c3c5b55d6cd2af3c0df74f438d.dt-icon-hover-border-on:after {\n  border-style: dotted;\n}\n.dt-icon-border-double.dt-shortcode-icon.icon-fb48b3c3c5b55d6cd2af3c0df74f438d.dt-icon-hover-border-on:after {\n  border-style: double;\n}\n.dt-shortcode-icon.icon-fb48b3c3c5b55d6cd2af3c0df74f438d.dt-icon-hover-on:hover {\n  font-size: 62px;\n}\n#page .dt-shortcode-icon.icon-fb48b3c3c5b55d6cd2af3c0df74f438d.dt-icon-hover-on:hover .soc-font-icon,\n#phantom .dt-shortcode-icon.icon-fb48b3c3c5b55d6cd2af3c0df74f438d.dt-icon-hover-on:hover .soc-font-icon,\n#page .dt-shortcode-icon.icon-fb48b3c3c5b55d6cd2af3c0df74f438d.dt-icon-hover-on:hover .soc-icon,\n#phantom .dt-shortcode-icon.icon-fb48b3c3c5b55d6cd2af3c0df74f438d.dt-icon-hover-on:hover .soc-icon {\n  color: rgba(255,255,255,0.75);\n  background: none;\n}\n#page .dt-shortcode-icon.icon-fb48b3c3c5b55d6cd2af3c0df74f438d.dt-icon-hover-on:not(:hover) .soc-font-icon,\n#phantom .dt-shortcode-icon.icon-fb48b3c3c5b55d6cd2af3c0df74f438d.dt-icon-hover-on:not(:hover) .soc-font-icon,\n#page .dt-shortcode-icon.icon-fb48b3c3c5b55d6cd2af3c0df74f438d.dt-icon-hover-on:not(:hover) .soc-icon,\n#phantom .dt-shortcode-icon.icon-fb48b3c3c5b55d6cd2af3c0df74f438d.dt-icon-hover-on:not(:hover) .soc-icon,\n#page .dt-shortcode-icon.icon-fb48b3c3c5b55d6cd2af3c0df74f438d.dt-icon-hover-off .soc-font-icon,\n#phantom .dt-shortcode-icon.icon-fb48b3c3c5b55d6cd2af3c0df74f438d.dt-icon-hover-off .soc-font-icon,\n#page .dt-shortcode-icon.icon-fb48b3c3c5b55d6cd2af3c0df74f438d.dt-icon-hover-off .soc-icon,\n#phantom .dt-shortcode-icon.icon-fb48b3c3c5b55d6cd2af3c0df74f438d.dt-icon-hover-off .soc-icon {\n  color: #ad5142;\n  background: none;\n}\n.dt-shortcode-icon.icon-fb48b3c3c5b55d6cd2af3c0df74f438d .soc-font-icon,\n.dt-shortcode-icon.icon-fb48b3c3c5b55d6cd2af3c0df74f438d .soc-icon {\n  font-size: 62px;\n}<\/style><div class=\"dt-shortcode-icon-wrap dt-icon-center \"><span  class=\"anchor-link fas fa-bowl-food icon-fb48b3c3c5b55d6cd2af3c0df74f438d dt-shortcode-icon dt-icon-bg-off dt-icon-hover-border-on dt-icon-hover-off dt-icon-hover-bg-on  vc_custom_1764615593060 \" ><span class=\"icon-inner\"><i class=\"dt-regular-icon soc-icon fas fa-bowl-food\"><\/i><i class=\"dt-hover-icon soc-icon fas fa-bowl-food\"><\/i><span class=\"screen-reader-text\"><\/span><\/span><\/span><\/div><div id=\"ultimate-heading-924169dfe5fe77121\" class=\"uvc-heading ult-adjust-bottom-margin ultimate-heading-924169dfe5fe77121 uvc-396  uvc-heading-default-font-sizes\" data-hspacer=\"no_spacer\"  data-halign=\"center\" style=\"text-align:center\"><div class=\"uvc-heading-spacer no_spacer\" style=\"top\"><\/div><div class=\"uvc-main-heading ult-responsive\"  data-ultimate-target='.uvc-heading.ultimate-heading-924169dfe5fe77121 h5'  data-responsive-json-new='{\"font-size\":\"\",\"line-height\":\"\"}' ><h5 style=\"--font-weight:theme;margin-bottom:20px;\">Restaurant<\/h5><\/div><div class=\"uvc-sub-heading ult-responsive\"  data-ultimate-target='.uvc-heading.ultimate-heading-924169dfe5fe77121 .uvc-sub-heading '  data-responsive-json-new='{\"font-size\":\"desktop:14px;\",\"line-height\":\"desktop:24px;\"}'  style=\"font-weight:normal;\">Vivamus id consectetur mauris. Praesent dui purus, interdum eget urna nec, mollis condimentum magna.<\/div><\/div>[\/vc_column_inner][vc_column_inner width=\u00bb1\/4&#8243; css=\u00bb.vc_custom_1568730455369{margin-bottom: 30px !important;}\u00bb]<style type=\"text\/css\" data-type=\"the7_shortcodes-inline-css\">.dt-shortcode-icon.icon-c5e0fef65a0d799713d4a30933a91850 {\n  min-width: 64px;\n  min-height: 64px;\n  font-size: 62px;\n  border-radius: 100px;\n}\n.dt-shortcode-icon.icon-c5e0fef65a0d799713d4a30933a91850:last-child {\n  margin-right: 0;\n}\n.dt-shortcode-icon.icon-c5e0fef65a0d799713d4a30933a91850 .icon-inner {\n  margin: 0px;\n  min-width: 64px;\n  min-height: 64px;\n  border-radius: 100px;\n}\n.dt-shortcode-icon.icon-c5e0fef65a0d799713d4a30933a91850 .dt-hover-icon {\n  line-height: 64px;\n}\n.dt-shortcode-icon.icon-c5e0fef65a0d799713d4a30933a91850:before,\n.dt-shortcode-icon.icon-c5e0fef65a0d799713d4a30933a91850:after,\n.dt-shortcode-icon.icon-c5e0fef65a0d799713d4a30933a91850 .icon-inner:before,\n.dt-shortcode-icon.icon-c5e0fef65a0d799713d4a30933a91850 .icon-inner:after {\n  min-width: 100%;\n  min-height: 100%;\n  padding: inherit;\n  border-radius: inherit;\n}\n.dt-shortcode-icon.icon-c5e0fef65a0d799713d4a30933a91850.dt-icon-border-on:before {\n  border-width: 0px;\n  border-style: solid;\n}\n.dt-icon-border-dashed.dt-shortcode-icon.icon-c5e0fef65a0d799713d4a30933a91850.dt-icon-border-on:before {\n  border-style: dashed;\n}\n.dt-icon-border-dotted.dt-shortcode-icon.icon-c5e0fef65a0d799713d4a30933a91850.dt-icon-border-on:before {\n  border-style: dotted;\n}\n.dt-icon-border-double.dt-shortcode-icon.icon-c5e0fef65a0d799713d4a30933a91850.dt-icon-border-on:before {\n  border-style: double;\n}\n.dt-shortcode-icon.icon-c5e0fef65a0d799713d4a30933a91850.dt-icon-hover-border-on:after {\n  border-width: 0px;\n  border-style: solid;\n}\n.dt-icon-border-dashed.dt-shortcode-icon.icon-c5e0fef65a0d799713d4a30933a91850.dt-icon-hover-border-on:after {\n  border-style: dashed;\n}\n.dt-icon-border-dotted.dt-shortcode-icon.icon-c5e0fef65a0d799713d4a30933a91850.dt-icon-hover-border-on:after {\n  border-style: dotted;\n}\n.dt-icon-border-double.dt-shortcode-icon.icon-c5e0fef65a0d799713d4a30933a91850.dt-icon-hover-border-on:after {\n  border-style: double;\n}\n.dt-shortcode-icon.icon-c5e0fef65a0d799713d4a30933a91850.dt-icon-hover-on:hover {\n  font-size: 62px;\n}\n#page .dt-shortcode-icon.icon-c5e0fef65a0d799713d4a30933a91850.dt-icon-hover-on:hover .soc-font-icon,\n#phantom .dt-shortcode-icon.icon-c5e0fef65a0d799713d4a30933a91850.dt-icon-hover-on:hover .soc-font-icon,\n#page .dt-shortcode-icon.icon-c5e0fef65a0d799713d4a30933a91850.dt-icon-hover-on:hover .soc-icon,\n#phantom .dt-shortcode-icon.icon-c5e0fef65a0d799713d4a30933a91850.dt-icon-hover-on:hover .soc-icon {\n  color: rgba(255,255,255,0.75);\n  background: none;\n}\n#page .dt-shortcode-icon.icon-c5e0fef65a0d799713d4a30933a91850.dt-icon-hover-on:not(:hover) .soc-font-icon,\n#phantom .dt-shortcode-icon.icon-c5e0fef65a0d799713d4a30933a91850.dt-icon-hover-on:not(:hover) .soc-font-icon,\n#page .dt-shortcode-icon.icon-c5e0fef65a0d799713d4a30933a91850.dt-icon-hover-on:not(:hover) .soc-icon,\n#phantom .dt-shortcode-icon.icon-c5e0fef65a0d799713d4a30933a91850.dt-icon-hover-on:not(:hover) .soc-icon,\n#page .dt-shortcode-icon.icon-c5e0fef65a0d799713d4a30933a91850.dt-icon-hover-off .soc-font-icon,\n#phantom .dt-shortcode-icon.icon-c5e0fef65a0d799713d4a30933a91850.dt-icon-hover-off .soc-font-icon,\n#page .dt-shortcode-icon.icon-c5e0fef65a0d799713d4a30933a91850.dt-icon-hover-off .soc-icon,\n#phantom .dt-shortcode-icon.icon-c5e0fef65a0d799713d4a30933a91850.dt-icon-hover-off .soc-icon {\n  color: #ad5142;\n  background: none;\n}\n.dt-shortcode-icon.icon-c5e0fef65a0d799713d4a30933a91850 .soc-font-icon,\n.dt-shortcode-icon.icon-c5e0fef65a0d799713d4a30933a91850 .soc-icon {\n  font-size: 62px;\n}<\/style><div class=\"dt-shortcode-icon-wrap dt-icon-center \"><span  class=\"anchor-link fas fa-hotel icon-c5e0fef65a0d799713d4a30933a91850 dt-shortcode-icon dt-icon-bg-off dt-icon-hover-border-on dt-icon-hover-off dt-icon-hover-bg-on  vc_custom_1764615631559 \" ><span class=\"icon-inner\"><i class=\"dt-regular-icon soc-icon fas fa-hotel\"><\/i><i class=\"dt-hover-icon soc-icon fas fa-hotel\"><\/i><span class=\"screen-reader-text\"><\/span><\/span><\/span><\/div><div id=\"ultimate-heading-794769dfe5fe77181\" class=\"uvc-heading ult-adjust-bottom-margin ultimate-heading-794769dfe5fe77181 uvc-4770  uvc-heading-default-font-sizes\" data-hspacer=\"no_spacer\"  data-halign=\"center\" style=\"text-align:center\"><div class=\"uvc-heading-spacer no_spacer\" style=\"top\"><\/div><div class=\"uvc-main-heading ult-responsive\"  data-ultimate-target='.uvc-heading.ultimate-heading-794769dfe5fe77181 h5'  data-responsive-json-new='{\"font-size\":\"\",\"line-height\":\"\"}' ><h5 style=\"--font-weight:theme;margin-bottom:20px;\">Alojamiento<\/h5><\/div><div class=\"uvc-sub-heading ult-responsive\"  data-ultimate-target='.uvc-heading.ultimate-heading-794769dfe5fe77181 .uvc-sub-heading '  data-responsive-json-new='{\"font-size\":\"desktop:14px;\",\"line-height\":\"desktop:24px;\"}'  style=\"font-weight:normal;\">Vivamus id consectetur mauris. Praesent dui purus, interdum eget urna nec, mollis condimentum magna.<\/div><\/div>[\/vc_column_inner][vc_column_inner width=\u00bb1\/4&#8243; css=\u00bb.vc_custom_1568730472841{margin-bottom: 30px !important;}\u00bb]<style type=\"text\/css\" data-type=\"the7_shortcodes-inline-css\">.dt-shortcode-icon.icon-efdc5298339890957b8024208efdbe96 {\n  min-width: 64px;\n  min-height: 64px;\n  font-size: 62px;\n  border-radius: 100px;\n}\n.dt-shortcode-icon.icon-efdc5298339890957b8024208efdbe96:last-child {\n  margin-right: 0;\n}\n.dt-shortcode-icon.icon-efdc5298339890957b8024208efdbe96 .icon-inner {\n  margin: 0px;\n  min-width: 64px;\n  min-height: 64px;\n  border-radius: 100px;\n}\n.dt-shortcode-icon.icon-efdc5298339890957b8024208efdbe96 .dt-hover-icon {\n  line-height: 64px;\n}\n.dt-shortcode-icon.icon-efdc5298339890957b8024208efdbe96:before,\n.dt-shortcode-icon.icon-efdc5298339890957b8024208efdbe96:after,\n.dt-shortcode-icon.icon-efdc5298339890957b8024208efdbe96 .icon-inner:before,\n.dt-shortcode-icon.icon-efdc5298339890957b8024208efdbe96 .icon-inner:after {\n  min-width: 100%;\n  min-height: 100%;\n  padding: inherit;\n  border-radius: inherit;\n}\n.dt-shortcode-icon.icon-efdc5298339890957b8024208efdbe96.dt-icon-border-on:before {\n  border-width: 0px;\n  border-style: solid;\n}\n.dt-icon-border-dashed.dt-shortcode-icon.icon-efdc5298339890957b8024208efdbe96.dt-icon-border-on:before {\n  border-style: dashed;\n}\n.dt-icon-border-dotted.dt-shortcode-icon.icon-efdc5298339890957b8024208efdbe96.dt-icon-border-on:before {\n  border-style: dotted;\n}\n.dt-icon-border-double.dt-shortcode-icon.icon-efdc5298339890957b8024208efdbe96.dt-icon-border-on:before {\n  border-style: double;\n}\n.dt-shortcode-icon.icon-efdc5298339890957b8024208efdbe96.dt-icon-hover-border-on:after {\n  border-width: 0px;\n  border-style: solid;\n}\n.dt-icon-border-dashed.dt-shortcode-icon.icon-efdc5298339890957b8024208efdbe96.dt-icon-hover-border-on:after {\n  border-style: dashed;\n}\n.dt-icon-border-dotted.dt-shortcode-icon.icon-efdc5298339890957b8024208efdbe96.dt-icon-hover-border-on:after {\n  border-style: dotted;\n}\n.dt-icon-border-double.dt-shortcode-icon.icon-efdc5298339890957b8024208efdbe96.dt-icon-hover-border-on:after {\n  border-style: double;\n}\n.dt-shortcode-icon.icon-efdc5298339890957b8024208efdbe96.dt-icon-hover-on:hover {\n  font-size: 62px;\n}\n#page .dt-shortcode-icon.icon-efdc5298339890957b8024208efdbe96.dt-icon-hover-on:hover .soc-font-icon,\n#phantom .dt-shortcode-icon.icon-efdc5298339890957b8024208efdbe96.dt-icon-hover-on:hover .soc-font-icon,\n#page .dt-shortcode-icon.icon-efdc5298339890957b8024208efdbe96.dt-icon-hover-on:hover .soc-icon,\n#phantom .dt-shortcode-icon.icon-efdc5298339890957b8024208efdbe96.dt-icon-hover-on:hover .soc-icon {\n  color: rgba(255,255,255,0.75);\n  background: none;\n}\n#page .dt-shortcode-icon.icon-efdc5298339890957b8024208efdbe96.dt-icon-hover-on:not(:hover) .soc-font-icon,\n#phantom .dt-shortcode-icon.icon-efdc5298339890957b8024208efdbe96.dt-icon-hover-on:not(:hover) .soc-font-icon,\n#page .dt-shortcode-icon.icon-efdc5298339890957b8024208efdbe96.dt-icon-hover-on:not(:hover) .soc-icon,\n#phantom .dt-shortcode-icon.icon-efdc5298339890957b8024208efdbe96.dt-icon-hover-on:not(:hover) .soc-icon,\n#page .dt-shortcode-icon.icon-efdc5298339890957b8024208efdbe96.dt-icon-hover-off .soc-font-icon,\n#phantom .dt-shortcode-icon.icon-efdc5298339890957b8024208efdbe96.dt-icon-hover-off .soc-font-icon,\n#page .dt-shortcode-icon.icon-efdc5298339890957b8024208efdbe96.dt-icon-hover-off .soc-icon,\n#phantom .dt-shortcode-icon.icon-efdc5298339890957b8024208efdbe96.dt-icon-hover-off .soc-icon {\n  color: #ad5142;\n  background: none;\n}\n.dt-shortcode-icon.icon-efdc5298339890957b8024208efdbe96 .soc-font-icon,\n.dt-shortcode-icon.icon-efdc5298339890957b8024208efdbe96 .soc-icon {\n  font-size: 62px;\n}<\/style><div class=\"dt-shortcode-icon-wrap dt-icon-center \"><span  class=\"anchor-link fas fa-wifi icon-efdc5298339890957b8024208efdbe96 dt-shortcode-icon dt-icon-bg-off dt-icon-hover-border-on dt-icon-hover-off dt-icon-hover-bg-on  vc_custom_1567167285843 \" ><span class=\"icon-inner\"><i class=\"dt-regular-icon soc-icon fas fa-wifi\"><\/i><i class=\"dt-hover-icon soc-icon fas fa-wifi\"><\/i><span class=\"screen-reader-text\"><\/span><\/span><\/span><\/div><div id=\"ultimate-heading-76669dfe5fe771dd\" class=\"uvc-heading ult-adjust-bottom-margin ultimate-heading-76669dfe5fe771dd uvc-9953  uvc-heading-default-font-sizes\" data-hspacer=\"no_spacer\"  data-halign=\"center\" style=\"text-align:center\"><div class=\"uvc-heading-spacer no_spacer\" style=\"top\"><\/div><div class=\"uvc-main-heading ult-responsive\"  data-ultimate-target='.uvc-heading.ultimate-heading-76669dfe5fe771dd h5'  data-responsive-json-new='{\"font-size\":\"\",\"line-height\":\"\"}' ><h5 style=\"--font-weight:theme;margin-bottom:20px;\">Internet gratis<\/h5><\/div><div class=\"uvc-sub-heading ult-responsive\"  data-ultimate-target='.uvc-heading.ultimate-heading-76669dfe5fe771dd .uvc-sub-heading '  data-responsive-json-new='{\"font-size\":\"desktop:14px;\",\"line-height\":\"desktop:24px;\"}'  style=\"font-weight:normal;\">Vivamus id consectetur mauris. Praesent dui purus, interdum eget urna nec, mollis condimentum magna.<\/div><\/div>[\/vc_column_inner][vc_column_inner width=\u00bb1\/4&#8243; css=\u00bb.vc_custom_1568730484159{margin-bottom: 30px !important;}\u00bb]<style type=\"text\/css\" data-type=\"the7_shortcodes-inline-css\">.dt-shortcode-icon.icon-62b4a4877f454c34a505a5da09a1a77a {\n  min-width: 64px;\n  min-height: 64px;\n  font-size: 62px;\n  border-radius: 100px;\n}\n.dt-shortcode-icon.icon-62b4a4877f454c34a505a5da09a1a77a:last-child {\n  margin-right: 0;\n}\n.dt-shortcode-icon.icon-62b4a4877f454c34a505a5da09a1a77a .icon-inner {\n  margin: 0px;\n  min-width: 64px;\n  min-height: 64px;\n  border-radius: 100px;\n}\n.dt-shortcode-icon.icon-62b4a4877f454c34a505a5da09a1a77a .dt-hover-icon {\n  line-height: 64px;\n}\n.dt-shortcode-icon.icon-62b4a4877f454c34a505a5da09a1a77a:before,\n.dt-shortcode-icon.icon-62b4a4877f454c34a505a5da09a1a77a:after,\n.dt-shortcode-icon.icon-62b4a4877f454c34a505a5da09a1a77a .icon-inner:before,\n.dt-shortcode-icon.icon-62b4a4877f454c34a505a5da09a1a77a .icon-inner:after {\n  min-width: 100%;\n  min-height: 100%;\n  padding: inherit;\n  border-radius: inherit;\n}\n.dt-shortcode-icon.icon-62b4a4877f454c34a505a5da09a1a77a.dt-icon-border-on:before {\n  border-width: 0px;\n  border-style: solid;\n}\n.dt-icon-border-dashed.dt-shortcode-icon.icon-62b4a4877f454c34a505a5da09a1a77a.dt-icon-border-on:before {\n  border-style: dashed;\n}\n.dt-icon-border-dotted.dt-shortcode-icon.icon-62b4a4877f454c34a505a5da09a1a77a.dt-icon-border-on:before {\n  border-style: dotted;\n}\n.dt-icon-border-double.dt-shortcode-icon.icon-62b4a4877f454c34a505a5da09a1a77a.dt-icon-border-on:before {\n  border-style: double;\n}\n.dt-shortcode-icon.icon-62b4a4877f454c34a505a5da09a1a77a.dt-icon-hover-border-on:after {\n  border-width: 0px;\n  border-style: solid;\n}\n.dt-icon-border-dashed.dt-shortcode-icon.icon-62b4a4877f454c34a505a5da09a1a77a.dt-icon-hover-border-on:after {\n  border-style: dashed;\n}\n.dt-icon-border-dotted.dt-shortcode-icon.icon-62b4a4877f454c34a505a5da09a1a77a.dt-icon-hover-border-on:after {\n  border-style: dotted;\n}\n.dt-icon-border-double.dt-shortcode-icon.icon-62b4a4877f454c34a505a5da09a1a77a.dt-icon-hover-border-on:after {\n  border-style: double;\n}\n.dt-shortcode-icon.icon-62b4a4877f454c34a505a5da09a1a77a.dt-icon-hover-on:hover {\n  font-size: 62px;\n}\n#page .dt-shortcode-icon.icon-62b4a4877f454c34a505a5da09a1a77a.dt-icon-hover-on:hover .soc-font-icon,\n#phantom .dt-shortcode-icon.icon-62b4a4877f454c34a505a5da09a1a77a.dt-icon-hover-on:hover .soc-font-icon,\n#page .dt-shortcode-icon.icon-62b4a4877f454c34a505a5da09a1a77a.dt-icon-hover-on:hover .soc-icon,\n#phantom .dt-shortcode-icon.icon-62b4a4877f454c34a505a5da09a1a77a.dt-icon-hover-on:hover .soc-icon {\n  color: rgba(255,255,255,0.75);\n  background: none;\n}\n#page .dt-shortcode-icon.icon-62b4a4877f454c34a505a5da09a1a77a.dt-icon-hover-on:not(:hover) .soc-font-icon,\n#phantom .dt-shortcode-icon.icon-62b4a4877f454c34a505a5da09a1a77a.dt-icon-hover-on:not(:hover) .soc-font-icon,\n#page .dt-shortcode-icon.icon-62b4a4877f454c34a505a5da09a1a77a.dt-icon-hover-on:not(:hover) .soc-icon,\n#phantom .dt-shortcode-icon.icon-62b4a4877f454c34a505a5da09a1a77a.dt-icon-hover-on:not(:hover) .soc-icon,\n#page .dt-shortcode-icon.icon-62b4a4877f454c34a505a5da09a1a77a.dt-icon-hover-off .soc-font-icon,\n#phantom .dt-shortcode-icon.icon-62b4a4877f454c34a505a5da09a1a77a.dt-icon-hover-off .soc-font-icon,\n#page .dt-shortcode-icon.icon-62b4a4877f454c34a505a5da09a1a77a.dt-icon-hover-off .soc-icon,\n#phantom .dt-shortcode-icon.icon-62b4a4877f454c34a505a5da09a1a77a.dt-icon-hover-off .soc-icon {\n  color: #ad5142;\n  background: none;\n}\n.dt-shortcode-icon.icon-62b4a4877f454c34a505a5da09a1a77a .soc-font-icon,\n.dt-shortcode-icon.icon-62b4a4877f454c34a505a5da09a1a77a .soc-icon {\n  font-size: 62px;\n}<\/style><div class=\"dt-shortcode-icon-wrap dt-icon-center \"><span  class=\"anchor-link fas fa-square-parking icon-62b4a4877f454c34a505a5da09a1a77a dt-shortcode-icon dt-icon-bg-off dt-icon-hover-border-on dt-icon-hover-off dt-icon-hover-bg-on  vc_custom_1764615613133 \" ><span class=\"icon-inner\"><i class=\"dt-regular-icon soc-icon fas fa-square-parking\"><\/i><i class=\"dt-hover-icon soc-icon fas fa-square-parking\"><\/i><span class=\"screen-reader-text\"><\/span><\/span><\/span><\/div><div id=\"ultimate-heading-129069dfe5fe77233\" class=\"uvc-heading ult-adjust-bottom-margin ultimate-heading-129069dfe5fe77233 uvc-3642  uvc-heading-default-font-sizes\" data-hspacer=\"no_spacer\"  data-halign=\"center\" style=\"text-align:center\"><div class=\"uvc-heading-spacer no_spacer\" style=\"top\"><\/div><div class=\"uvc-main-heading ult-responsive\"  data-ultimate-target='.uvc-heading.ultimate-heading-129069dfe5fe77233 h5'  data-responsive-json-new='{\"font-size\":\"\",\"line-height\":\"\"}' ><h5 style=\"--font-weight:theme;margin-bottom:20px;\">Estacionamiento<\/h5><\/div><div class=\"uvc-sub-heading ult-responsive\"  data-ultimate-target='.uvc-heading.ultimate-heading-129069dfe5fe77233 .uvc-sub-heading '  data-responsive-json-new='{\"font-size\":\"desktop:14px;\",\"line-height\":\"desktop:24px;\"}'  style=\"font-weight:normal;\">Vivamus id consectetur mauris. Praesent dui purus, interdum eget urna nec, mollis condimentum magna.<\/div><\/div>[\/vc_column_inner][\/vc_row_inner][\/vc_column][\/vc_row][vc_row][\/vc_row]<\/p>\n<\/div>","protected":false},"excerpt":{"rendered":"<p>[vc_row content_placement=\u00bbmiddle\u00bb css=\u00bb.vc_custom_1568896184714{margin-right: 0px !important;margin-left: 0px !important;padding-bottom: 80px !important;}\u00bb][vc_column parallax=\u00bbcontent-moving\u00bb parallax_image=\u00bb2399&#8243; width=\u00bb1\/2&#8243; css=\u00bb.vc_custom_1764619673927{margin-top: -60px !important;margin-right: 0px !important;padding-top: 200px !important;padding-right: 0px !important;padding-bottom: 200px !important;}\u00bb][\/vc_column][vc_column width=\u00bb1\/2&#8243; css=\u00bb.vc_custom_1565094314911{padding-top: 140px !important;padding-right: 80px !important;padding-bottom: 130px !important;padding-left: 80px !important;background-color: #ffffff !important;}\u00bb][\/vc_column][\/vc_row][vc_row][vc_column][vc_row_inner][vc_column_inner width=\u00bb1\/4&#8243; css=\u00bb.vc_custom_1568730434816{margin-bottom: 30px !important;}\u00bb][\/vc_column_inner][vc_column_inner width=\u00bb1\/4&#8243; css=\u00bb.vc_custom_1568730455369{margin-bottom: 30px !important;}\u00bb][\/vc_column_inner][vc_column_inner width=\u00bb1\/4&#8243; css=\u00bb.vc_custom_1568730472841{margin-bottom: 30px !important;}\u00bb][\/vc_column_inner][vc_column_inner width=\u00bb1\/4&#8243; css=\u00bb.vc_custom_1568730484159{margin-bottom: 30px !important;}\u00bb][\/vc_column_inner][\/vc_row_inner][\/vc_column][\/vc_row][vc_row][\/vc_row]<\/p>\n","protected":false},"author":1,"featured_media":0,"parent":0,"menu_order":0,"comment_status":"closed","ping_status":"closed","template":"","meta":{"footnotes":""},"class_list":["post-889","page","type-page","status-publish","hentry","description-off"],"_links":{"self":[{"href":"https:\/\/casonadelosrioshotel.cl\/index.php\/wp-json\/wp\/v2\/pages\/889","targetHints":{"allow":["GET"]}}],"collection":[{"href":"https:\/\/casonadelosrioshotel.cl\/index.php\/wp-json\/wp\/v2\/pages"}],"about":[{"href":"https:\/\/casonadelosrioshotel.cl\/index.php\/wp-json\/wp\/v2\/types\/page"}],"author":[{"embeddable":true,"href":"https:\/\/casonadelosrioshotel.cl\/index.php\/wp-json\/wp\/v2\/users\/1"}],"replies":[{"embeddable":true,"href":"https:\/\/casonadelosrioshotel.cl\/index.php\/wp-json\/wp\/v2\/comments?post=889"}],"version-history":[{"count":4,"href":"https:\/\/casonadelosrioshotel.cl\/index.php\/wp-json\/wp\/v2\/pages\/889\/revisions"}],"predecessor-version":[{"id":2465,"href":"https:\/\/casonadelosrioshotel.cl\/index.php\/wp-json\/wp\/v2\/pages\/889\/revisions\/2465"}],"wp:attachment":[{"href":"https:\/\/casonadelosrioshotel.cl\/index.php\/wp-json\/wp\/v2\/media?parent=889"}],"curies":[{"name":"wp","href":"https:\/\/api.w.org\/{rel}","templated":true}]}}